{"id":42,"date":"2022-08-31T15:20:02","date_gmt":"2022-08-31T13:20:02","guid":{"rendered":"http:\/\/ptrparts.cz\/mesmerize\/"},"modified":"2024-04-25T21:13:32","modified_gmt":"2024-04-25T19:13:32","slug":"mesmerize","status":"publish","type":"page","link":"http:\/\/ptrparts.cz\/","title":{"rendered":"Front Page"},"content":{"rendered":"<div  id=\"features-2\" style=\"background-color: #ffffff;\" data-label=\"Features\" data-id=\"features-ov-4-mc\" data-export-id=\"features-ov-4-mc\" data-category=\"features\" class=\"features-ov-4-mc content-section content-section-spacing\"><div  class=\"gridContainer\"> <div  data-type=\"row\" class=\"row spaced-cols text-center\"><div  class=\"col-xs-12 col-sm-4 col-padding\"> <i  class=\"fa icon shadow-large-black aligncenter color1 fa-user-plus bordered round large\"><\/i> <div  data-type=\"column\" class=\"\"> <h5  class=\"font-400\">Expresn\u00ed v\u00fdroba<\/h5> <p  class=\"\">Pro v\u00e1\u017een\u00e9 z\u00e1kazn\u00edky nab\u00edz\u00edme expresn\u00ed v\u00fdrobu v nejkrat\u0161\u00edm mo\u017en\u00e9m \u010dase.<\/p><\/div> <\/div> <div  class=\"col-xs-12 col-sm-4 col-padding\"> <i  class=\"fa icon shadow-large-black aligncenter color2 fa-random bordered round large\"><\/i> <div  data-type=\"column\" class=\"\"><h5  class=\"font-400\">\u00dapravy<\/h5> <p  class=\"\">Za\u0159\u00edd\u00edme tepeln\u00e9 zpracov\u00e1n\u00ed a r\u016fzn\u00e9 povrchov\u00e9 \u00fapravy, lakov\u00e1n\u00ed, le\u0161t\u011bn\u00ed, sva\u0159ov\u00e1n\u00ed.<\/p><\/div> <\/div> <div  class=\"col-xs-12 col-sm-4 col-padding\"> <i  class=\"fa icon shadow-large-black aligncenter color4 fa-wrench bordered round large\"><\/i> <div  data-type=\"column\" class=\"\"><h5  class=\"font-400\">N\u00e1\u0159ad\u00ed<\/h5> <p  class=\"\">M\u00e1me vlastn\u00ed v\u00fdrobn\u00ed program bike servisn\u00edho n\u00e1\u0159ad\u00ed.<\/p><\/div> <\/div><\/div> <\/div><\/div><div  id=\"about\" style=\"background-color: #f5fafd;\" data-label=\"About\" data-id=\"about-images-right-section-mc\" data-export-id=\"about-images-right-section-mc\" data-bullets-visibility=\"true\" data-category=\"about\" class=\"about-images-right-section-mc content-section content-section-spacing\"><div  class=\"gridContainer\"> <div  class=\"row middle-sm text-center\"><div  class=\"col-sm-5 content-left-sm\" data-type=\"column\"> <h5  class=\"\">O n\u00e1s<\/h5> <h2  class=\"\">PTRparts<\/h2> <p  class=\"\">Obr\u00e1b\u011bn\u00ed se v\u011bnujeme v\u00edce ne\u017e 10 let. Disponujeme konven\u010dn\u00edmi i CNC obr\u00e1b\u011bc\u00edmi stroji, kter\u00e9 jsou pln\u011b vybaven\u00e9, v\u010detn\u011b obrobkov\u00fdch a n\u00e1strojov\u00fdch sond Renishaw. Vyr\u00e1b\u00edme 2D i 3D tvarov\u00e9 d\u00edly forem, jedno\u00fa\u010delov\u00fdch stroj\u016f, v\u00fdrobn\u00edch linek, z\u00e1vodn\u00edch vozidel a podobn\u011b. To jak podle Va\u0161\u00ed v\u00fdkresov\u00e9 dokumentace a dat, tak podle p\u0159edlohy, kterou do 3D dat zpracujeme.<\/p> <\/div> <div  class=\"col-sm-7 space-bottom-xs\"><div  class=\"image-group-side-3-img\"> <a data-cp-link=\"1\" href=\"#\" class=\"top-img-anchor\" target=\"_self\" rel=\"noopener\"><img  decoding=\"async\" class=\"topimg shadow-large\" src=\"http:\/\/ptrparts.cz\/wp-content\/uploads\/2022\/09\/cropped-cropped-03header.jpg\" title=\"cropped-03header.jpg\" alt=\"\"><\/a> <a data-cp-link=\"1\" href=\"#\" class=\"right-img-anchor\" target=\"_self\" rel=\"noopener\"><img  decoding=\"async\" class=\"rightimg shadow-large\" src=\"http:\/\/ptrparts.cz\/wp-content\/uploads\/2022\/09\/cropped-02header.jpg\"><\/a> <div  class=\"leftimg\"> <a data-cp-link=\"1\" href=\"#\" target=\"_self\" rel=\"noopener\"><img  decoding=\"async\" class=\"shadow-large\" src=\"http:\/\/ptrparts.cz\/wp-content\/uploads\/2022\/09\/04header.jpg\"><\/a><\/div> <\/div><\/div> <\/div><\/div> <\/div><div  data-label=\"CNC obrabeni\" data-id=\"portfolio--1\" data-export-id=\"portfolio-4\" data-category=\"portfolio\" class=\"portfolio-4 content-section content-section-spacing-top\" id=\"cnc-obrabeni\" style=\"background-color: rgb(245, 250, 253);\" data-bullets-visibility=\"true\"><div  class=\"\"> <div  class=\"row text-center\"><div  class=\"section-title-col\" data-type=\"column\"> <h2  class=\"\">CNC obr\u00e1b\u011bn\u00ed<\/h2> <p  class=\"lead\">fotogalerie<\/p><\/div> <\/div> <div  data-type=\"row\" class=\"row\" data-fixed=\"true\"> <div  class=\"col-xs-12 col-sm-3 no-gutter-col\"> <div  class=\"contentswap-effect\" data-hover-fx=\"portfolio-4\"> <div  class=\"initial-image\"> <img  decoding=\"async\" data-size=\"542x360\" src=\"http:\/\/ptrparts.cz\/wp-content\/uploads\/2022\/09\/cropped-IMG_7410-scaled-2.jpg\"><\/div> <div  class=\"overlay bg-color1\"><\/div> <div  class=\"swap-inner col-xs-12\"> <div  class=\"row full-height-row middle-xs middle-sm\"> <div  class=\"col-xs-12 text-center content-holder\"> <a href=\"http:\/\/ptrparts.cz\/wp-content\/uploads\/2022\/09\/IMG_7410-scaled.jpg\" target=\"_self\" rel=\"noopener\" class=\"swipebox\" data-slb-active=\"1\" data-slb-asset=\"3814463868\" data-slb-internal=\"0\" data-slb-group=\"42\" data-rel=\"lightbox-gallery-bGlnaHRib3gtZ2FsbGVyeS1iR2xuYUhSaWIzZ3RaMkZzYkdWeWVTMDBVVk5wYm1GU01nPT0=\" data-rl_title=\"\" data-rl_caption=\"\" data-rl_title=\"\" data-rl_caption=\"\" title=\"\"><i  class=\"fa icon portfolio-icon fa-search big\" aria-hidden=\"true\"><\/i><\/a><\/div> <\/div><\/div> <\/div><\/div> <div  class=\"col-xs-12 col-sm-3 no-gutter-col\"><div  class=\"contentswap-effect\" data-hover-fx=\"portfolio-4\"> <div  class=\"initial-image\"> <img  decoding=\"async\" data-size=\"542x360\" src=\"http:\/\/ptrparts.cz\/wp-content\/uploads\/2022\/09\/cropped-IMG_8800-scaled-1.jpg\"><\/div> <div  class=\"overlay bg-color1\"><\/div> <div  class=\"swap-inner col-xs-12\"> <div  class=\"row full-height-row middle-xs middle-sm\"> <div  class=\"col-xs-12 text-center content-holder\"> <a href=\"http:\/\/ptrparts.cz\/wp-content\/uploads\/2022\/09\/IMG_8800-scaled.jpg\" target=\"_self\" rel=\"noopener\" class=\"swipebox\" data-slb-active=\"1\" data-slb-asset=\"3678455362\" data-slb-internal=\"0\" data-slb-group=\"42\" data-rel=\"lightbox-gallery-bGlnaHRib3gtZ2FsbGVyeS1iR2xuYUhSaWIzZ3RaMkZzYkdWeWVTMDBVVk5wYm1GU01nPT0=\" data-rl_title=\"\" data-rl_caption=\"\" data-rl_title=\"\" data-rl_caption=\"\" title=\"\"><i  class=\"fa icon portfolio-icon fa-search big\" aria-hidden=\"true\"><\/i><\/a><\/div> <\/div><\/div> <\/div><\/div> <div  class=\"col-xs-12 col-sm-3 no-gutter-col\"><div  class=\"contentswap-effect\" data-hover-fx=\"portfolio-4\"> <div  class=\"initial-image\"> <img  decoding=\"async\" data-size=\"542x360\" src=\"http:\/\/ptrparts.cz\/wp-content\/uploads\/2022\/09\/cropped-ukazka_robot_kolo.jpg\"><\/div> <div  class=\"overlay bg-color1\"><\/div> <div  class=\"swap-inner col-xs-12\"> <div  class=\"row full-height-row middle-xs middle-sm\"> <div  class=\"col-xs-12 text-center content-holder\"> <a href=\"http:\/\/ptrparts.cz\/wp-content\/uploads\/2022\/09\/ukazka_robot_kolo.jpg\" target=\"_self\" rel=\"noopener\" class=\"swipebox\" data-slb-active=\"1\" data-slb-asset=\"250964073\" data-slb-internal=\"0\" data-slb-group=\"42\" data-rel=\"lightbox-gallery-bGlnaHRib3gtZ2FsbGVyeS1iR2xuYUhSaWIzZ3RaMkZzYkdWeWVTMDBVVk5wYm1GU01nPT0=\" data-rl_title=\"\" data-rl_caption=\"\" data-rl_title=\"\" data-rl_caption=\"\" title=\"\"><i  class=\"fa icon portfolio-icon fa-search big\" aria-hidden=\"true\"><\/i><\/a><\/div> <\/div><\/div> <\/div><\/div> <div  class=\"col-xs-12 col-sm-3 no-gutter-col\"><div  class=\"contentswap-effect\" data-hover-fx=\"portfolio-4\"> <div  class=\"initial-image\"> <img  decoding=\"async\" data-size=\"542x360\" src=\"http:\/\/ptrparts.cz\/wp-content\/uploads\/2022\/09\/cropped-S32_FN25_03.jpg\"><\/div> <div  class=\"overlay bg-color1\"><\/div> <div  class=\"swap-inner col-xs-12\"> <div  class=\"row full-height-row middle-xs middle-sm\"> <div  class=\"col-xs-12 text-center content-holder\"> <a href=\"http:\/\/ptrparts.cz\/wp-content\/uploads\/2022\/09\/S32_FN25_03.jpg\" target=\"_self\" rel=\"noopener\" class=\"swipebox\" data-slb-active=\"1\" data-slb-asset=\"3942322092\" data-slb-internal=\"0\" data-slb-group=\"42\" data-rel=\"lightbox-gallery-bGlnaHRib3gtZ2FsbGVyeS1iR2xuYUhSaWIzZ3RaMkZzYkdWeWVTMDBVVk5wYm1GU01nPT0=\" data-rl_title=\"\" data-rl_caption=\"\" data-rl_title=\"\" data-rl_caption=\"\" title=\"\"><i  class=\"fa icon portfolio-icon fa-search big\" aria-hidden=\"true\"><\/i><\/a><\/div> <\/div><\/div> <\/div><\/div> <div  class=\"col-xs-12 col-sm-3 no-gutter-col\"><div  class=\"contentswap-effect\" data-hover-fx=\"portfolio-4\"> <div  class=\"initial-image\"> <img  decoding=\"async\" data-size=\"542x360\" src=\"http:\/\/ptrparts.cz\/wp-content\/uploads\/2022\/09\/cropped-IMG-9426-scaled-1.jpg\"><\/div> <div  class=\"overlay bg-color1\"><\/div> <div  class=\"swap-inner col-xs-12\"> <div  class=\"row full-height-row middle-xs middle-sm\"> <div  class=\"col-xs-12 text-center content-holder\"> <a href=\"http:\/\/ptrparts.cz\/wp-content\/uploads\/2022\/09\/IMG-9426-scaled.jpg\" target=\"_self\" rel=\"noopener\" class=\"swipebox\" data-slb-active=\"1\" data-slb-asset=\"107786837\" data-slb-internal=\"0\" data-slb-group=\"42\" data-rel=\"lightbox-gallery-bGlnaHRib3gtZ2FsbGVyeS1iR2xuYUhSaWIzZ3RaMkZzYkdWeWVTMDBVVk5wYm1GU01nPT0=\" data-rl_title=\"\" data-rl_caption=\"\" data-rl_title=\"\" data-rl_caption=\"\" title=\"\"><i  class=\"fa icon portfolio-icon fa-search big\" aria-hidden=\"true\"><\/i><\/a><\/div> <\/div><\/div> <\/div><\/div> <div  class=\"col-xs-12 col-sm-3 no-gutter-col\"><div  class=\"contentswap-effect\" data-hover-fx=\"portfolio-4\"> <div  class=\"initial-image\"> <img  decoding=\"async\" data-size=\"542x360\" src=\"http:\/\/ptrparts.cz\/wp-content\/uploads\/2022\/09\/cropped-gearbox_part.jpg\"><\/div> <div  class=\"overlay bg-color1\"><\/div> <div  class=\"swap-inner col-xs-12\"> <div  class=\"row full-height-row middle-xs middle-sm\"> <div  class=\"col-xs-12 text-center content-holder\"> <a href=\"http:\/\/ptrparts.cz\/wp-content\/uploads\/2022\/09\/gearbox_part.jpg\" target=\"_self\" rel=\"noopener\" class=\"swipebox\" data-slb-active=\"1\" data-slb-asset=\"273697340\" data-slb-internal=\"0\" data-slb-group=\"42\" data-rel=\"lightbox-gallery-bGlnaHRib3gtZ2FsbGVyeS1iR2xuYUhSaWIzZ3RaMkZzYkdWeWVTMDBVVk5wYm1GU01nPT0=\" data-rl_title=\"\" data-rl_caption=\"\" data-rl_title=\"\" data-rl_caption=\"\" title=\"\"><i  class=\"fa icon portfolio-icon fa-search big\" aria-hidden=\"true\"><\/i><\/a><\/div> <\/div><\/div> <\/div><\/div> <div  class=\"col-xs-12 col-sm-3 no-gutter-col\"><div  class=\"contentswap-effect\" data-hover-fx=\"portfolio-4\"> <div  class=\"initial-image\"> <img  decoding=\"async\" data-size=\"542x360\" src=\"http:\/\/ptrparts.cz\/wp-content\/uploads\/2022\/09\/cropped-IMG_8658-scaled-1.jpg\"><\/div> <div  class=\"overlay bg-color1\"><\/div> <div  class=\"swap-inner col-xs-12\"> <div  class=\"row full-height-row middle-xs middle-sm\"> <div  class=\"col-xs-12 text-center content-holder\"> <a href=\"http:\/\/ptrparts.cz\/wp-content\/uploads\/2022\/09\/IMG_8658-scaled.jpg\" target=\"_self\" rel=\"noopener\" class=\"swipebox\" data-slb-active=\"1\" data-slb-asset=\"1561219624\" data-slb-internal=\"0\" data-slb-group=\"42\" data-rel=\"lightbox-gallery-bGlnaHRib3gtZ2FsbGVyeS1iR2xuYUhSaWIzZ3RaMkZzYkdWeWVTMDBVVk5wYm1GU01nPT0=\" data-rl_title=\"\" data-rl_caption=\"\" data-rl_title=\"\" data-rl_caption=\"\" title=\"\"><i  class=\"fa icon portfolio-icon fa-search big\" aria-hidden=\"true\"><\/i><\/a><\/div> <\/div><\/div> <\/div><\/div> <div  class=\"col-xs-12 col-sm-3 no-gutter-col\"><div  class=\"contentswap-effect\" data-hover-fx=\"portfolio-4\"> <div  class=\"initial-image\"> <img  decoding=\"async\" data-size=\"542x360\" src=\"http:\/\/ptrparts.cz\/wp-content\/uploads\/2022\/09\/cropped-IMG_1117-scaled-1.jpg\"><\/div> <div  class=\"overlay bg-color1\"><\/div> <div  class=\"swap-inner col-xs-12\"> <div  class=\"row full-height-row middle-xs middle-sm\"> <div  class=\"col-xs-12 text-center content-holder\"> <a href=\"http:\/\/ptrparts.cz\/wp-content\/uploads\/2022\/09\/IMG_1117-scaled.jpg\" target=\"_self\" rel=\"noopener\" class=\"swipebox\" data-slb-active=\"1\" data-slb-asset=\"3131202957\" data-slb-internal=\"0\" data-slb-group=\"42\" data-rel=\"lightbox-gallery-bGlnaHRib3gtZ2FsbGVyeS1iR2xuYUhSaWIzZ3RaMkZzYkdWeWVTMDBVVk5wYm1GU01nPT0=\" data-rl_title=\"\" data-rl_caption=\"\" data-rl_title=\"\" data-rl_caption=\"\" title=\"\"><i  class=\"fa icon portfolio-icon fa-search big\" aria-hidden=\"true\"><\/i><\/a><\/div> <\/div><\/div> <\/div><\/div> <\/div><\/div> <\/div><div  data-label=\"AquaBlasting\" data-id=\"portfolio--2\" data-export-id=\"portfolio-5-mc\" data-category=\"portfolio\" class=\"portfolio-5-mc content-section content-section-spacing section-title-col-white-text bg-color1\" id=\"aquablasting\" data-bullets-visibility=\"true\"><div  class=\"gridContainer\"> <div  class=\"row text-center\"><div  class=\"section-title-col\" data-type=\"column\">  <h2  class=\"\">AquaBlasting<\/h2> <div  class=\"\">Aquablasting je velmi \u0161etrn\u00fd zp\u016fsob trysk\u00e1n\u00ed s vodou.<\/div><div  class=\"\">\u00dahel m\u00e9dia je d\u00edky vod\u011b zm\u011bn\u011bn a abrazivo se pohybuje (klou\u017ee) po povrchu, co\u017e<\/div><div  class=\"\">vytv\u00e1\u0159\u00ed lapovac\u00ed efekt. Povrch je rovnom\u011brn\u011b sat\u00e9nov\u00fd \/ le\u0161t\u011bn\u00fd. Metoda je<\/div><div  class=\"\">vhodn\u00e1 pro renovace d\u00edl\u016f veter\u00e1n\u016f, stroj\u016f, odstran\u011bn\u00ed oxidace a koroze,<\/div><div  class=\"\">sjednocen\u00ed povrchu po obr\u00e1b\u011bn\u00ed, p\u0159\u00edprava p\u0159ed povrchovou \u00fapravou atd.<\/div><\/div> <\/div> <div  class=\"row space-bottom spaced-cols\" data-type=\"row\"> <div  class=\"col-xs-12 col-sm-4 text-center\"> <div  class=\"card no-padding bordered\"> <div  data-hover-fx=\"portfolio-6\" class=\"contentswap-effect contentswap-overlay\" style=\"float: none; margin: 0; width: 100%;\"> <div  class=\"initial-image\" style=\"float: none; margin: 0;\"> <img  decoding=\"async\" data-size=\"500x333\" src=\"http:\/\/ptrparts.cz\/wp-content\/uploads\/2024\/04\/cropped-IMG_5468-scaled-1.jpg\"><\/div> <div  class=\"overlay bg-color6\" style=\"display: block; transition: opacity 800ms ease 0s; -webkit-transition-timing-function: ease; -moz-transition-timing-function: ease; -o-transition-timing-function: ease; transition-timing-function: ease;\"><\/div> <div  class=\"swap-inner col-xs-12\" style=\"display: block; transition: all 800ms ease 0s; background-color: rgba(0,0,0,0); margin-top: 0;\"> <div  class=\"row full-height-row middle-xs middle-sm\"> <div  class=\"col-xs-12 text-center content-holder\"> <a href=\"http:\/\/ptrparts.cz\/wp-content\/uploads\/2024\/04\/cropped-IMG_5468-scaled-1.jpg\" class=\"button small color2 swipebox\" target=\"_self\" data-cp-link=\"1\" rel=\"noopener\" data-slb-active=\"1\" data-slb-asset=\"1372149729\" data-slb-internal=\"0\" data-slb-group=\"42\" data-rel=\"lightbox-gallery-bGlnaHRib3gtZ2FsbGVyeS1iR2xuYUhSaWIzZ3RaMkZzYkdWeWVTMDBVVk5wYm1GU01nPT0=\" data-rl_title=\"\" data-rl_caption=\"\" data-rl_title=\"\" data-rl_caption=\"\" title=\"\">zv\u011bt\u0161it<\/a><\/div> <\/div><\/div> <\/div> <div  class=\"col-xs-12\"> <div  class=\"space-bottom space-top\" data-type=\"column\">  <\/div> <\/div><\/div> <\/div> <div  class=\"col-xs-12 col-sm-4 text-center\"> <div  class=\"card no-padding bordered\"> <div  data-hover-fx=\"portfolio-6\" class=\"contentswap-effect contentswap-overlay\" style=\"float: none; margin: 0; width: 100%;\"> <div  class=\"initial-image\" style=\"float: none; margin: 0;\"> <img  decoding=\"async\" data-size=\"500x333\" src=\"http:\/\/ptrparts.cz\/wp-content\/uploads\/2024\/04\/IMG_5516.jpeg\"><\/div> <div  class=\"overlay bg-color6\" style=\"display: block; transition: opacity 800ms ease 0s; -webkit-transition-timing-function: ease; -moz-transition-timing-function: ease; -o-transition-timing-function: ease; transition-timing-function: ease;\"><\/div> <div  class=\"swap-inner col-xs-12\" style=\"display: block; transition: all 800ms ease 0s; background-color: rgba(0,0,0,0); margin-top: 0;\"> <div  class=\"row full-height-row middle-xs middle-sm\"> <div  class=\"col-xs-12 text-center content-holder\"> <a href=\"http:\/\/ptrparts.cz\/wp-content\/uploads\/2024\/04\/IMG_5516.jpeg\" class=\"button small color2 swipebox\" target=\"_self\" data-cp-link=\"1\" rel=\"noopener\" data-slb-active=\"1\" data-slb-asset=\"110729467\" data-slb-internal=\"0\" data-slb-group=\"42\" data-rel=\"lightbox-gallery-bGlnaHRib3gtZ2FsbGVyeS1iR2xuYUhSaWIzZ3RaMkZzYkdWeWVTMDBVVk5wYm1GU01nPT0=\" data-rl_title=\"\" data-rl_caption=\"\" data-rl_title=\"\" data-rl_caption=\"\" title=\"\">zv\u011bt\u0161it<\/a><\/div> <\/div><\/div> <\/div> <div  class=\"col-xs-12\"> <div  class=\"space-bottom space-top\" data-type=\"column\">  <\/div> <\/div><\/div> <\/div> <div  class=\"col-xs-12 col-sm-4 text-center\"> <div  class=\"card no-padding bordered\"> <div  data-hover-fx=\"portfolio-6\" class=\"contentswap-effect contentswap-overlay\" style=\"float: none; margin: 0; width: 100%;\"> <div  class=\"initial-image\" style=\"float: none; margin: 0;\"> <img  decoding=\"async\" data-size=\"500x333\" src=\"http:\/\/ptrparts.cz\/wp-content\/uploads\/2024\/04\/IMG_5741.jpeg\"><\/div> <div  class=\"overlay bg-color6\" style=\"display: block; transition: opacity 800ms ease 0s; -webkit-transition-timing-function: ease; -moz-transition-timing-function: ease; -o-transition-timing-function: ease; transition-timing-function: ease;\"><\/div> <div  class=\"swap-inner col-xs-12\" style=\"display: block; transition: all 800ms ease 0s; background-color: rgba(0,0,0,0); margin-top: 0;\"> <div  class=\"row full-height-row middle-xs middle-sm\"> <div  class=\"col-xs-12 text-center content-holder\"> <a href=\"http:\/\/ptrparts.cz\/wp-content\/uploads\/2024\/04\/IMG_5741.jpeg\" class=\"button small color2 swipebox\" target=\"_self\" data-cp-link=\"1\" rel=\"noopener\" data-slb-active=\"1\" data-slb-asset=\"1456262540\" data-slb-internal=\"0\" data-slb-group=\"42\" data-rel=\"lightbox-gallery-bGlnaHRib3gtZ2FsbGVyeS1iR2xuYUhSaWIzZ3RaMkZzYkdWeWVTMDBVVk5wYm1GU01nPT0=\" data-rl_title=\"\" data-rl_caption=\"\" data-rl_title=\"\" data-rl_caption=\"\" title=\"\">zv\u011bt\u0161it<\/a><\/div> <\/div><\/div> <\/div> <div  class=\"col-xs-12\"> <div  class=\"space-bottom space-top\" data-type=\"column\">  <\/div> <\/div><\/div> <\/div><\/div> <div  class=\"row\"><div  data-type=\"column\" class=\"col-xs-12 text-center\"> <\/div> <\/div><\/div> <\/div><div  id=\"contact-1\" style=\"background-color: rgb(255, 255, 255); background-image: url(&quot;http:\/\/ptrparts.cz\/wp-content\/uploads\/2022\/09\/cropped-cropped-03header.jpg&quot;); background-size: cover; background-position: center top;\" data-label=\"Contact\" data-id=\"contact-1-mc\" data-export-id=\"contact-1-mc\" data-bullets-visibility=\"true\" data-category=\"contact\" class=\"contact-1-mc content-section content-section-spacing white-text\" data-parallax-depth=\"20\"><div  class=\"gridContainer\"> <div  class=\"row text-center\"><div  class=\"section-title-col\" data-type=\"column\"> <h5  class=\"\">Napi\u0161te n\u00e1m na<\/h5> <h2  class=\"\">info@ptrparts.cz<\/h2> <p  class=\"lead\">PTRparts s.r.o.\n<br >S\u00eddlo: Ponikl\u00e1 291, 512 42 Ponikl\u00e1\n<br >Provozovna: Minkovick\u00e1 91, 463 12 \u0160imonovice\n<br ><br >\n<br >I\u010cO: 14028964\n<br >DI\u010c: CZ14028964\n<br ><br >Kontakt\n<br >Petr T\u0159e\u0161\u0148\u00e1k \u2013 jednatel\n<br >mobil: +420 737 340 757<\/p><\/div> <\/div> <div  class=\"row text-center\"> <div  class=\"col-xs-12 col-sm-8 col-sm-offset-2 contact-form-wrapper inline-info\"> <div  class=\"card large-padding\"> <div  class=\"\" data-content-shortcode=\"mesmerize_contact_form shortcode=&quot;&amp;amp;lt;iframe src=&amp;amp;quot;https:\/\/www.google.com\/maps\/embed?pb=!1m14!1m12!1m3!1d631.5803566352192!2d15.054961532532042!3d50.713975755052246!2m3!1f0!2f0!3f0!3m2!1i1024!2i768!4f13.1!5e0!3m2!1scs!2scz!4v1666339288602!5m2!1scs!2scz&amp;amp;quot; width=&amp;amp;quot;800&amp;amp;quot; height=&amp;amp;quot;600&amp;amp;quot; style=&amp;amp;quot;border:0;&amp;amp;quot; allowfullscreen=&amp;amp;quot;&amp;amp;quot; loading=&amp;amp;quot;lazy&amp;amp;quot; referrerpolicy=&amp;amp;quot;no-referrer-when-downgrade&amp;amp;quot;&amp;amp;gt;&amp;amp;lt;\/iframe&amp;amp;gt;&quot;\" data-editable=\"true\">[<iframe src=\"https:\/\/www.google.com\/maps\/embed?pb=!1m14!1m12!1m3!1d631.5803566352192!2d15.054961532532042!3d50.713975755052246!2m3!1f0!2f0!3f0!3m2!1i1024!2i768!4f13.1!5e0!3m2!1scs!2scz!4v1666339288602!5m2!1scs!2scz\" width=\"800\" height=\"600\" style=\"border:0;\" allowfullscreen=\"\" loading=\"lazy\" referrerpolicy=\"no-referrer-when-downgrade\"><\/iframe>]<\/div><\/div> <\/div><\/div> <\/div><\/div>","protected":false},"excerpt":{"rendered":"<p>Expresn\u00ed v\u00fdroba Pro v\u00e1\u017een\u00e9 z\u00e1kazn\u00edky nab\u00edz\u00edme expresn\u00ed v\u00fdrobu v nejkrat\u0161\u00edm mo\u017en\u00e9m \u010dase. \u00dapravy Za\u0159\u00edd\u00edme tepeln\u00e9 zpracov\u00e1n\u00ed a r\u016fzn\u00e9 povrchov\u00e9 \u00fapravy, lakov\u00e1n\u00ed, le\u0161t\u011bn\u00ed, sva\u0159ov\u00e1n\u00ed. N\u00e1\u0159ad\u00ed M\u00e1me vlastn\u00ed v\u00fdrobn\u00ed program bike servisn\u00edho n\u00e1\u0159ad\u00ed. O n\u00e1s PTRparts Obr\u00e1b\u011bn\u00ed se v\u011bnujeme v\u00edce ne\u017e 10 let. Disponujeme konven\u010dn\u00edmi i CNC obr\u00e1b\u011bc\u00edmi stroji, kter\u00e9 jsou pln\u011b vybaven\u00e9, v\u010detn\u011b obrobkov\u00fdch a n\u00e1strojov\u00fdch&hellip; <br \/> <a class=\"read-more\" href=\"http:\/\/ptrparts.cz\/\">V\u00edce<\/a><\/p>\n","protected":false},"author":1,"featured_media":0,"parent":0,"menu_order":0,"comment_status":"closed","ping_status":"closed","template":"page-templates\/homepage.php","meta":{"footnotes":""},"class_list":["post-42","page","type-page","status-publish","hentry"],"_links":{"self":[{"href":"http:\/\/ptrparts.cz\/index.php?rest_route=\/wp\/v2\/pages\/42","targetHints":{"allow":["GET"]}}],"collection":[{"href":"http:\/\/ptrparts.cz\/index.php?rest_route=\/wp\/v2\/pages"}],"about":[{"href":"http:\/\/ptrparts.cz\/index.php?rest_route=\/wp\/v2\/types\/page"}],"author":[{"embeddable":true,"href":"http:\/\/ptrparts.cz\/index.php?rest_route=\/wp\/v2\/users\/1"}],"replies":[{"embeddable":true,"href":"http:\/\/ptrparts.cz\/index.php?rest_route=%2Fwp%2Fv2%2Fcomments&post=42"}],"version-history":[{"count":55,"href":"http:\/\/ptrparts.cz\/index.php?rest_route=\/wp\/v2\/pages\/42\/revisions"}],"predecessor-version":[{"id":254,"href":"http:\/\/ptrparts.cz\/index.php?rest_route=\/wp\/v2\/pages\/42\/revisions\/254"}],"wp:attachment":[{"href":"http:\/\/ptrparts.cz\/index.php?rest_route=%2Fwp%2Fv2%2Fmedia&parent=42"}],"curies":[{"name":"wp","href":"https:\/\/api.w.org\/{rel}","templated":true}]}}